{"id":1490,"date":"2019-02-17T15:27:55","date_gmt":"2019-02-17T13:27:55","guid":{"rendered":"https:\/\/electroservice.ro\/?page_id=1490"},"modified":"2022-03-10T15:35:36","modified_gmt":"2022-03-10T13:35:36","slug":"referinte","status":"publish","type":"page","link":"https:\/\/electroservice.ro\/en\/referinte\/","title":{"rendered":"Proiecte \u00een Rom\u00e2nia \u0219i \u00een str\u0103in\u0103tate"},"content":{"rendered":"<section class=\"fw-main-row\"\n    style=\"background-color:;background-position: center center center;background-repeat: no-repeat;background-attachment:scroll;background-size:cover;\">\n    <span class=\"bg-image-overlay\" style=\"background-color:; \"><\/span>\n    <div class=\"fw-container unyson_content\">\n\t\t            <div class=\"container\">\n\t\t\t\t\t\t\t\t<div class=\"row\">\n\t<div class=\"col-md-12\">\n    <div style=\" margin: ; padding: ;\">\n\t<span class=\"unyson-media-image\"><img src=\"https:\/\/electroservice.ro\/wp-content\/uploads\/2020\/04\/abroad-1223x600.jpg\" alt=\"https:\/\/electroservice.ro\/wp-content\/uploads\/2020\/04\/abroad-1223x600.jpg\" width=\"1223\" height=\"600\" \/><\/span><table><tbody><tr><td colspan=\"4\">Lista de referin\u021b\u0103 pentru PRINCIPALELE PROIECTE INDUSTRIALE<\/td><\/tr><tr><td>Lucrari<\/td><td><\/td><td><\/td><td><\/td><\/tr><tr><td><strong>It.<\/strong><\/td><td><strong>PROIECT<\/strong><\/td><td><strong>Client <\/strong><\/td><td><strong>Anul realizarii<\/strong><\/td><\/tr><tr><td>1<\/td><td>Reparatie capitala turbina cu abur 6 MW<\/td><td>SC GRIRO SA<\/td><td>1998 - 1999<\/td><\/tr><tr><td>2<\/td><td>Reparare motoare electrice<\/td><td>Termoelectrica SA SE Doicesti<\/td><td>1998<\/td><\/tr><tr><td>3<\/td><td>Reabilitare si  modernizare   Turbina cu Abur  VT 100 MW Unitatea 3&amp;4<\/td><td>SE BUCURESTI ALSTOM POWER<\/td><td>1999 - 2002<\/td><\/tr><tr><td>4<\/td><td>Reabilitare microhidrocentrala<\/td><td>I.R.E. Ploiesti<\/td><td>2000<\/td><\/tr><tr><td>5<\/td><td>Reabilitare turbina cu abur \u0219i a generatorului 6 MW<\/td><td>SE Buc. - CET Titan<\/td><td>2001<\/td><\/tr><tr><td>6<\/td><td>Reparatie si acordare sistem de reglaj TA DSL  50 MW; piese de schimb<\/td><td>SE Borzesti<\/td><td>2001<\/td><\/tr><tr><td>7<\/td><td>Reparatie turbocompresoare<\/td><td>Arpechim SA Pitesti<\/td><td>2001<\/td><\/tr><tr><td>8<\/td><td>Reparatie capitala turbogenerator BBC 2.5 MW, reparatie turbo-suflante, montare schimb\u0103toare de c\u0103ldur\u0103<\/td><td>Rafinaria Steaua Romana<\/td><td>2001-2002<\/td><\/tr><tr><td>9<\/td><td>Repara\u021bie Turbogenerator DSL 50 MW - TA1<\/td><td>CET Brasov (TPP)<\/td><td>2002<\/td><\/tr><tr><td>10<\/td><td>Reparatie capitala Turbogenerator DSL 50 MW<\/td><td>SE Bacau<\/td><td>2002<\/td><\/tr><tr><td>11<\/td><td>Rebobinare rotor \u0219i stator generator 12 MW \u0219i reabilitare turbina cu abur CTR-12 MW<\/td><td>SC Sofert SA Bacau<\/td><td>2002<\/td><\/tr><tr><td>12<\/td><td>Reparare excitatie pentru TA5-125 MW<\/td><td>Alstom Power Romania<\/td><td>2002<\/td><\/tr><tr><td>13<\/td><td>Acordare sistem reglaj  pentru turbina cu abur DSL 50 MW<\/td><td>CET Iasi<\/td><td>2002<\/td><\/tr><tr><td>14<\/td><td>Reabilitare turbogenerator DSL 50 MW<\/td><td>Termoficare 2000 CET Sud - Pitesti<\/td><td>2003<\/td><\/tr><tr><td>15<\/td><td>Reparare excitatie pentru generator de 135 MW<\/td><td>Termoelectrica SA SE Buc - CET Vest<\/td><td>2003<\/td><\/tr><tr><td>16<\/td><td>Reparare turbina cu abur DSL 50 MW \u0219i rebobinare complet\u0103 a motorului electric 3800 kW<\/td><td>S.C.U.T. Giurgiu<\/td><td>2003 - 2004<\/td><\/tr><tr><td>17<\/td><td>Reparare pompa EPA 500 \u0219i acordare sistem reglaj la TA DSL 50 MW<\/td><td>S.C.U.T. Giurgiu<\/td><td>2004<\/td><\/tr><tr><td>18<\/td><td>Reabilitare turbina hidraulica 7.5MW<\/td><td>CHE Moroieni<\/td><td>2004<\/td><\/tr><tr><td>19<\/td><td>Reabilitare \u0219i modernizare turbina cu abur TA DSL 50 MW<\/td><td>Termoelectrica SA CET Palas<\/td><td>2003 - 2004<\/td><\/tr><tr><td>20<\/td><td>Reabilitare Turbogenerator DSL 50 MW<\/td><td>CET Brasov<\/td><td>2004<\/td><\/tr><tr><td>21<\/td><td>Reabilitare Turbogenerator AKSR 4 MW cu repaletare complet\u0103 a rotorului turbinei<\/td><td>SC ZAHARIA CORABIA SA<\/td><td>2005<\/td><\/tr><tr><td>22<\/td><td>Reparatie curent\u0103 TG1 AKSR 6 MW Turbin\u0103 cu abur<\/td><td>CET GRIRO<\/td><td>2005<\/td><\/tr><tr><td>23<\/td><td>Reparatie capitala Turbina cu Abur TA2 AKTR 4 MW<\/td><td>SE Bucuresti CET Titan<\/td><td>2005<\/td><\/tr><tr><td>24<\/td><td>Reparatie curenta TA5 DSL 50MW<\/td><td>Termoficare 2000 Pitesti<\/td><td>2005<\/td><\/tr><tr><td>25<\/td><td>\u00cenlocuire condensator pentru turbina DSL 50 MW<\/td><td>SCUT Giurgiu<\/td><td>2006<\/td><\/tr><tr><td>26<\/td><td>Reparatie capitala turbosuflanta nr. 1<\/td><td>MITTAL Steel Galati<\/td><td>2006<\/td><\/tr><tr><td>27<\/td><td>Instalare a 2 noi Turbine cu Gaz KA26 si Generator 380 MW CCPP la centrala electrica Gissi- Italia<\/td><td>Arca Costruzioni Italia Supplier: Alstom Power<\/td><td>2007 - 2008<\/td><\/tr><tr><td>28<\/td><td>Reparatie capitala turbosuflanta nr. 2 \u0219i turbosuflanta nr. 6 - 18 MW<\/td><td>MITTAL Steel Galati<\/td><td>2007<\/td><\/tr><tr><td>29<\/td><td>Instalarea \u0219i alinierea tuturor pompelor \u0219i compresoarelor din cadrul  CCPP Gissi 1 \u0219i 2<\/td><td>Cosmi SPA Italia<\/td><td>2007 - 2008<\/td><\/tr><tr><td>30<\/td><td>Instalare a 2 hidrocentrale pe Valea Teleajenului (dou\u0103 turbine crossflow Banki fiecare de  780 kW \u0219i 890 kW)<\/td><td>Hidrotehnica Galati CHEMP Teleajen 2, 3<\/td><td>2007<\/td><\/tr><tr><td>31<\/td><td>Instalarea unei Microhidrocentrale  pe Valea Doftanei (2 turbine crossflow Banki de 990 KW)<\/td><td>Hidroelectrica Galati CHEMP Paltinu 3<\/td><td>2007<\/td><\/tr><tr><td>32<\/td><td>Instalare a 4 Microhidrocentrale pe Valea Ialomi\u021bei (2 turbine crossflow fiecare \u2013 1345 kW \u0219i 1478 kW)<\/td><td>Hidroelectrica Galati CHEMP lalomita 1- 4<\/td><td>2007 - 2008<\/td><\/tr><tr><td>33<\/td><td>Reparatia capitala a ventilatorului gaze de cocs nr. 6<\/td><td>MITTAL Steel Galati<\/td><td>2008<\/td><\/tr><tr><td>34<\/td><td>Reparatia curenta a TA1 DSL 5 0MW<\/td><td>Scut Giurgiu<\/td><td>2008<\/td><\/tr><tr><td>35<\/td><td>Instalarea a 2 SHPP la Ploie\u0219ti - Movila Vulpii<\/td><td>Elsid SA Titu<\/td><td>2009<\/td><\/tr><tr><td>36<\/td><td>Instalarea a 2 CHE pe Valea Brodinei (turbine crossflow - MHC Brodina 1 \u2013 647 kW, MHC Ehreste \u2013 877 kW)<\/td><td>ELECTROMAGNETICA SA Bucuresti<\/td><td>2008 - 2009<\/td><\/tr><tr><td>37<\/td><td>Reabilitare \u0219i modernizare cu \u00eenlocuire Generatoar de 170 MW Unitatea 1, 2, 3 CHE LOTRU CIUNGET<\/td><td>VG Power VOITH Hydro<\/td><td>2008 - 2011<\/td><\/tr><tr><td>38<\/td><td>Montare  hidrocentrale MHC Brodina de Jos \u0219i MHC Brodina 2 (turbine crossflow de 999 kW fiecare)<\/td><td>ELECTROMAGNETICA SA Bucuresti<\/td><td>2010<\/td><\/tr><tr><td>39<\/td><td>Reabilitare turbogeneratoare Ganz de 2,5 MW \u0219i 2 MW<\/td><td>Sugar Factory Bod (BV)<\/td><td>2010<\/td><\/tr><tr><td>40<\/td><td>Instalarea a 2 grupuri hidroelectrice noi pe Valea Prahovei la CHEMP Cornu 1 (turbin\u0103 2.2 MW \u0219i 1.3MW) CHEMP Lunca Cornului (1892 kW \u0219i 1495 kW)<\/td><td>ELSID Titu SA<\/td><td>2011<\/td><\/tr><tr><td>41<\/td><td>Instalarea unei noi hidrocentrale pe r\u00e2ul Ucea (turbina Banki \u2013 900 kW)<\/td><td>Hidroelectrica del Ucea<\/td><td>2011<\/td><\/tr><tr><td>42<\/td><td>Reparatie turbina cu abur ASKR 6 MW<\/td><td>Agrana Buzau<\/td><td>2011<\/td><\/tr><tr><td>43<\/td><td>Instala\u021bie mecanic\u0103 \u0219i electric\u0103 echipament hidroelectric MHC Sadau (turbin\u0103 crossflow 542 kW)<\/td><td>ELECTROMAGNETICA SA Bucuresti<\/td><td>2011<\/td><\/tr><tr><td>44<\/td><td>Instalare turbogenerator de 630  kW la Statia de reciclare a de\u0219eurilor de la Slobozia<\/td><td>Rotec SA Buzau<\/td><td>2011<\/td><\/tr><tr><td>45<\/td><td>Instalarea a 2 SHPP la Cugir - Turbine Pelton verticale cu 4 injectoare 922 kW \u0219i 729 kW<\/td><td>HPP France Rottenergy Cluj<\/td><td>2012<\/td><\/tr><tr><td>46<\/td><td>Instalarea a 2 grupuri hidroelectrice pe Valea Prahovei la CHEMP CAMPINA (turbine crossflow: 2 x 1818 kW)<\/td><td>ELSID Titu SA<\/td><td>2012<\/td><\/tr><tr><td>47<\/td><td>Instalare grup hidroelectric MHC Priboiasa (turbin\u0103 crossflow 1899 kW)<\/td><td>Hidroeste SRL<\/td><td>2012<\/td><\/tr><tr><td>48<\/td><td>Instalare turbogenerator de 890 kW la Statia de reciclare de\u0219euri de la Al Jubail - Arabia Saudit\u0103<\/td><td>EDCO Saudi Arabia BIC Belgium<\/td><td>2012<\/td><\/tr><tr><td>49<\/td><td>Repara\u021bie capitala turbogenerator AKSR 6 MW Turbin\u0103 \u0219i generator de abur AKSR 6 MW<\/td><td>AGRANA Romania<p>Fabrica de zahar<\/p><\/td><td>2012<\/td><\/tr><tr><td>50<\/td><td>Rebobinare complet\u0103 a excitatorului vertical 3.8 MW CHE Pite\u0219ti \u0219i  excitatoare verticala de la CHE Cupana<\/td><td>Hidroserv Curtea de Arges<\/td><td>2012<\/td><\/tr><tr><td>51<\/td><td>Rebobinara hidrogenerator de 25 MW de la centrala Hallforsen HPP Lycksele, Suedia<\/td><td>Provis Energy Sweden<\/td><td>2012<\/td><\/tr><tr><td>52<\/td><td>Montaj mecanic echipamente hidroelectrice aferente  10 MHC (Proiect Capra 1-5 \u0219i Buda 1-5) turbine Pelton vertical- orizontal \u0219i turbine Francis orizontale, generatoare, grupuri hidraulice, vane  de admisie, by-pass etc<\/td><td>VOITH Hidro Romania<\/td><td>Aug 2012 Aug 2013<\/td><\/tr><tr><td>53<\/td><td>Repara\u021bia a 4 pompe Kaplan S cu palete reglabile 19.3 mc\/s, motor 2 MW, 200rpm, Reparatia sistemului hidraulic \u0219i de ulei de ungere a sta\u021biei.<\/td><td>Min. Irigatiilor- Iraq Smart Powertech<\/td><td>2012-2013<\/td><\/tr><tr><td>54<\/td><td>Instalare  a 2 ansamble de pompe verticale Sulzer tip SJT 20-CS, 850kW, 1450rpm, 0.3mc\/s, h=212 m<\/td><td>Hydropol Romania Statia Pompe T3A<\/td><td>2012<\/td><\/tr><tr><td>55<\/td><td>Revizie sistem de reglaj Turbina Abur  DSL 50 MW<\/td><td>CET Bacau<\/td><td>2012<\/td><\/tr><tr><td>56<\/td><td>Instalare 2 grupuri  hidroelectrice tip Banki CHEMP Comamic 2.8 MW, CHEMP Breaza 2.1 MW (turbin\u0103, generator, palete, tub aspir. etc.)<\/td><td>ELSID Titu Supplier: Cink Hydro Energy - Czech Rep.<\/td><td>2012<\/td><\/tr><tr><td>57<\/td><td>Lucrari de revizie \u0219i repara\u021bii turbogenerator 150 MW de la CTE Paro\u0219eni<\/td><td>Turbomarc SRL<\/td><td>Bucharest<\/td><\/tr><tr><td>58<\/td><td>Repararea turbinei cu abur 32 MW<\/td><td>EVN Austria TPP Plovdiv - Bulgaria<\/td><td>2013<\/td><\/tr><tr><td>59<\/td><td>Instalarea a 2 noi hidrocentrale  cu turbine orizontale Francis CHEMP Doftana 2.1 MW \u0219i CHEMP Doftana 1 - 2.9 MW (camera spirala , generatoare, HPU, sisteme de ap\u0103 de r\u0103cire etc.)<\/td><td>ELSID Titu Supplier: GHE Austria<\/td><td>2013<\/td><\/tr><tr><td>60<\/td><td>Reparatie capitala a echipamentelor dinamice de la Fabrica de Zah\u0103r Buz\u0103u (turbin\u0103  abur 6 MW, ventilatoare de gaz \u0219i aer de la cazan)<\/td><td>AGRANA Romana Branch Buzau<\/td><td>2013<\/td><\/tr><tr><td>61<\/td><td>Repara\u021bia hidrogeneratorului de 1.2 MW - SHPP Lopatari<\/td><td>Hidroelectrica SA - Buzau<\/td><td>2013<\/td><\/tr><tr><td>62<\/td><td>Reparatie capitala turbina cu abur AKSR 6 MW<\/td><td>AGRANA Romana Branch Roman<\/td><td>2013<\/td><\/tr><tr><td>63<\/td><td>Rebobinare hidrogenerator 50 MW - HPP Laxede - Suedia - Unitatea 1<\/td><td>Provis Energy A.B. Sweden<\/td><td>2013<\/td><\/tr><tr><td>64<\/td><td>Instalare 4 noi unit\u0103\u021bi - 1 Pelton (1.66 MW) \u0219i 3 turbine Francis (1.16 MW) \u00een Re\u0219i\u021ba - HPP Crainicel 1 (3 unit\u0103\u021bi) \u0219i HPP Breazova (1 unitate).<\/td><td>Hydropol Romania Cez Romania<\/td><td>2013<\/td><\/tr><tr><td>65<\/td><td>Instalarea a 3 unit\u0103\u021bi - turbine orizontale Francis (3 x 6 MW) \u00een centrala Camlica - Turcia<\/td><td>Koessler - Voith Hydro Romania<\/td><td>2014<\/td><\/tr><tr><td>66<\/td><td>Repararea turbinei cu abur de 18 MW<\/td><td>ARCELOR Mittal Galati<\/td><td>2014<\/td><\/tr><tr><td>67<\/td><td>Reparatie capitala planificat\u0103 a turbinelor cu abur 330 MW Unitatea 3, 4, 5, 6 - lucr\u0103ri pe \u0219antier<\/td><td>Complex Energetic Rovinari<\/td><td>2008 - 2014<\/td><\/tr><tr><td>68<\/td><td>Instalare turbina Pelton orizontala de 0,75 MW cu generator, HPU, supape, etc.<\/td><td>HPP France SHPP Arakli - Turkey<\/td><td>2014<\/td><\/tr><tr><td>69<\/td><td>Revizii generator eolian Suzlon de 2,1 MW<\/td><td>Suzlon Wind Energy Romania<\/td><td>2014<\/td><\/tr><tr><td>70<\/td><td>Instalare 9 turbine orizontale Francis, generatoare, auxiliare de-a lungul r\u00e2ului Prahova - 3 HPP - B\u0103ne\u0219ti - Flore\u0219ti<\/td><td>VOITH Hydro \/ Koessler Electrocarbon SA<\/td><td>2014-2015<\/td><\/tr><tr><td>71<\/td><td>Instalare 2 unit\u0103\u021bi - turbine cu bulb Kaplan HPP Cemel Urgup - Turcia<\/td><td>VOITH Hydro<\/td><td>2015<\/td><\/tr><tr><td>72<\/td><td>Revizie turbina cu abur (6 MW), ventilatoare pentru cazane cu gaz \u0219i aer, piese de schimb<\/td><td>Agrana Romania Sugar factory Buzau \/ Roman<\/td><td>2015<\/td><\/tr><tr><td>73<\/td><td>Recondi\u021bionare lagare (turnare centrifugal\u0103) pentru diverse motoare, generatoare, turbine \u0219i compresoare.<\/td><td>Otel Inox Targoviste SE Bucuresti<\/td><td>2015<\/td><\/tr><tr><td>74<\/td><td>Rebobinare stator de 50 MW al hidrogeneratorului din Laxede, Suedia - Unitatea 2<\/td><td>Provis Energy AB<\/td><td>2015<\/td><\/tr><tr><td>75<\/td><td>Reparatie turbina cu abur \u0219i turbocompresor \u00een uzina de aluminiu<\/td><td>ALUM Tulcea<\/td><td>2015<\/td><\/tr><tr><td>76<\/td><td>Instalare generator 333 MW Unitatea 1 \u0219i 2 - montarea rotorilor, a lagarelor, a sistemelor de ulei \u0219i de r\u0103cire, alinierea final\u0103 etc.<\/td><td>VOITH Hydro GmbH&amp;Co. KG - Project \u201cIngula\u201d Pump Storage Scheme South Africa<\/td><td>Dec 2015 Jun 2016<\/td><\/tr><tr><td>77<\/td><td>Instalare mecanic\u0103 a echipamentului energetic din modulul nr. 1 \u2013 1200 MW de la centrala electric\u0103 cu ciclu combinat Burullus (2 GT x 400 MW \u0219i 1 ST 400 MW)<\/td><td>Romelectro - SAEM Orascom - SIEMENS EGYPT<\/td><td>2016 - 2018<\/td><\/tr><tr><td>78<\/td><td>Reparatie capitala pentru Unitatea 4 \u0219i Unitatea 3 - Turbin\u0103 cu abur ABB de 60 MW \u0219i generatoare, condensator, r\u0103citoare, sisteme de ulei, izola\u021bii<\/td><td>S-IND Process Control Sudanese Thermal Power Generation - K.N.P.S<\/td><td>2017<\/td><\/tr><tr><td>79<\/td><td>Rebobinare Generator Diesel 50MW<\/td><td>Provis Energy A.B. Barbados<\/td><td>2018<\/td><\/tr><tr><td>80<\/td><td>Lucr\u0103ri mecanice pentru montarea echipamentului hydroelectric la centrala hidroelectric\u0103 Skjerka<\/td><td>Provis Energy OY Skjerka, Norway<\/td><td>2018<\/td><\/tr><tr><td>81<\/td><td>Reparatie turbine cu abur  \u00een proiectele Alfeld \u0219i AEZ Asdonkoshof \/ Proiectele Borken, Mainz \u0219i Brunsbuttel - Germania<\/td><td>TMS GmbH Germany<\/td><td>2018<\/td><\/tr><tr><td>82<\/td><td>Inspec\u021bie, diagnoza \u0219i realiniere GT4 Garri<\/td><td>S_IND Dubai Garri, Sud<\/td><td>2018<\/td><\/tr><tr><td>83<\/td><td>Reparatie capitala a turbinei cu abur de 50 MW de tip DSL 50 MW<\/td><td>Veolia Energie Iasi Romania<\/td><td>2019<\/td><\/tr><tr><td>84<\/td><td>Pre-Montarea unui hidrogenerator de 100 MW (impachetare, bobinare, instalare)<p>HPP Kirchbichl<\/p><\/td><td>Voith Hydro Austria<\/td><td>2019<\/td><\/tr><tr><td>85<\/td><td>Reparatie capitala pentru turbina cu abur de 146 MW din cadrul KANUPP - Centrala nuclear\u0103 Karachi<\/td><td>Tugran Enerji, Turkey<p>KANUP Pakistan<\/p><\/td><td>2019<\/td><\/tr><tr><td>86<\/td><td>Reparatie capitala ventilatoare de aer \u0219i gaze de ardere pentru cazanul tip CR12<\/td><td>AGRANA Romana Branch Buzau<\/td><td>2020<\/td><\/tr><tr><td>87<\/td><td>Reabilitarea unui hidrogenerator de 200 MW (\u00eempachetare, bobinare, montare) \u00een cadrul centralei hidroelectrice VIANDEN HPP<\/td><td>VOITH Hydro  Luxemburg<\/td><td>2019<\/td><\/tr><tr><td>88<\/td><td>Inlocuirea \u0219i racordarea la re\u021bea a pompei verticale SUT 20 CS 6s Sulzer cu motor de ac\u021bionare de 850 Kw din cadrul Sta\u021biei de Pompare Timi\u0219 Trei Ape; Furnizarea tuturor p\u0103r\u021bilor electrice (panouri, cabluri etc.) Reparatie capitala transformator T2 - 35\/6,3 kV - 4 MVA<\/td><td>TMK Hydroenergy Resita Romania<\/td><td>2020<\/td><\/tr><tr><td>89<\/td><td>Demontare 2 vane fluture DN4200 \u0219i a instala\u021biilor auxiliare \u0219i montarea a 2 vane fluture DN4200 recondi\u021bionate (inclusiv unitatea de ulei \u0219i sistemul de aer comprimat)CHE Stejaru<\/td><td>ROMELECTRO<\/td><td>2020<\/td><\/tr><tr><td>90<\/td><td>Reparatie capitala cu inlocuire de palete ale rotorului pentru turbina cu abur ABB de 60 MW pentru unitatea 4, revizie pompa apa alimentare, condensator \u00een cadrul KNPS - Centrala electric\u0103 de nord din Khartoum<\/td><td>Sudanese Thermal Power Plant STPG Sudan<\/td><td>2020<\/td><\/tr><tr><td>91<\/td><td>Demontare turbina cu abur \u0219i generator vechi AKSR 6 MW (inclusiv sistemele auxiliare \u0219i de conducte) CET Grivita<\/td><td>TDR Energy<\/td><td>2020<\/td><\/tr><tr><td>92<\/td><td>Reimpanare stator Generator 32.8 MW CHE Nangbeto Togo<\/td><td>VOITH Hydro GMBH Austria<\/td><td>2020<\/td><\/tr><tr><td>93<\/td><td>Premontare la  sediul Voith Hydro Austria si instalare in CHE Limberg a  2 Generatoare 81,5 MVA<\/td><td>VOITH Hydro GMBH Austria<\/td><td>2020-2021<\/td><\/tr><tr><td>94<\/td><td>Instalarea a 5 unit\u0103\u021bi (de tip Pelton \u0219i Francis) \u00een 2 centrale hidroelectrice - Ceremi \u0219i Dragobia HPP - Albania<\/td><td>VOITH Hydro  Albania<\/td><td>2021<\/td><\/tr><tr><td>95<\/td><td>Demontare, curatare si instalare componente reparate tubina hidraulica reversibila 196,71 MW, Unitatea 2 si Unit 3,  CHE Malta<\/td><td>VOITH Hydro GMBH Austria<\/td><td>2021 \/ 2022<\/td><\/tr><tr><td>96<\/td><td>Instalarea unui nou turbogenerator cu abur de 6 MW \u0219i a unui nou turbogenerator ORC de 2,6 MW (inclusiv toate sistemele auxiliare \u0219i de conducte). CET Grivita<\/td><td>TDR Energy<p>Bucuresti<\/p><\/td><td>2020-2021<\/td><\/tr><tr><td>97<\/td><td>Demontarea, curatarea \u0219i instalarea a 4 unit\u0103\u021bi x 200 MW - Turbine Francis \u00een cadrul centralei CHAIRA -Bulgaria<\/td><td>Voith Hydro<p>Bulgaria<\/p><\/td><td>2019-2022<\/td><\/tr><tr><td>98<\/td><td>Montaj mecanic 2 condensatoare aferente turbinelor cu abur \u0219i sistemul de cur\u0103\u021bare aferent \u0219i pompele (pompe apa alimentare, pompe condensat, pompe de vid, pompe amestec, pompe apa incendiu, pompe apa demineralizata) \u00een cadrul CCPP de 430 MW.<\/td><td>Romelectro SA Iernut, Romania<\/td><td>2018-2022<\/td><\/tr><tr><td>99<\/td><td>Reparatie capitala a turbinei cu abur \u0219i a generatorului AKSR 6MW<\/td><td>AGRANA Romana Branch Buzau<\/td><td>2021-2022<\/td><\/tr><tr><td>100<\/td><td>Instalare hidrogeneratoare 3 x 55MW in cadrul CHE Togging - Germania<\/td><td>Voith Hydro GmbH Germania<\/td><td>2021-2022<\/td><\/tr><\/tbody><\/table>    <\/div>\n<\/div>\n<\/div>\n\n\t\t\t\t        <\/div>\n\t    <\/div>\n<\/section>","protected":false},"excerpt":{"rendered":"<p>Lista de referin\u021b\u0103 pentru PRINCIPALELE PROIECTE INDUSTRIALELucrariIt.PROIECTClient Anul realizarii1Reparatie capitala turbina cu abur 6 MWSC GRIRO SA1998 &#8211; 19992Reparare motoare electriceTermoelectrica SA SE Doicesti19983Reabilitare si<\/p>","protected":false},"author":1,"featured_media":0,"parent":0,"menu_order":0,"comment_status":"closed","ping_status":"closed","template":"","meta":{"_mi_skip_tracking":false},"_links":{"self":[{"href":"https:\/\/electroservice.ro\/en\/wp-json\/wp\/v2\/pages\/1490"}],"collection":[{"href":"https:\/\/electroservice.ro\/en\/wp-json\/wp\/v2\/pages"}],"about":[{"href":"https:\/\/electroservice.ro\/en\/wp-json\/wp\/v2\/types\/page"}],"author":[{"embeddable":true,"href":"https:\/\/electroservice.ro\/en\/wp-json\/wp\/v2\/users\/1"}],"replies":[{"embeddable":true,"href":"https:\/\/electroservice.ro\/en\/wp-json\/wp\/v2\/comments?post=1490"}],"version-history":[{"count":22,"href":"https:\/\/electroservice.ro\/en\/wp-json\/wp\/v2\/pages\/1490\/revisions"}],"predecessor-version":[{"id":2577,"href":"https:\/\/electroservice.ro\/en\/wp-json\/wp\/v2\/pages\/1490\/revisions\/2577"}],"wp:attachment":[{"href":"https:\/\/electroservice.ro\/en\/wp-json\/wp\/v2\/media?parent=1490"}],"curies":[{"name":"wp","href":"https:\/\/api.w.org\/{rel}","templated":true}]}}