{"id":2186,"date":"2020-04-13T14:58:15","date_gmt":"2020-04-13T11:58:15","guid":{"rendered":"https:\/\/electroservice.ro\/?page_id=2186"},"modified":"2022-01-26T14:54:43","modified_gmt":"2022-01-26T12:54:43","slug":"recomandari","status":"publish","type":"page","link":"https:\/\/electroservice.ro\/en\/recomandari\/","title":{"rendered":"Recommendations"},"content":{"rendered":"<section class=\"fw-main-row\"\n    style=\"background-color:;background-position: center center center;background-repeat: no-repeat;background-attachment:scroll;background-size:cover;\">\n    <span class=\"bg-image-overlay\" style=\"background-color:; \"><\/span>\n    <div class=\"fw-container unyson_content\">\n\t\t            <div class=\"container\">\n\t\t\t\t\t\t\t\t<div class=\"row\">\n\t<div class=\"col-md-12\">\n    <div style=\" margin: ; padding: ;\">\n\t<div class=\"exp-col-content-holder\"><a class=\"expand-cnt-link ecf_closed\" href=\"#\"><span style=\"padding-left:2em\"><b><font size=\"5\" face=\"kanit\">Hydropower<\/font><\/b><\/span><\/a><div class=\"hidden-content\" style=\"display: none;\"><div class=\"exp-col-content-holder\"><a class=\"expand-cnt-link ecf_closed\" href=\"#\"><span style=\"padding-left:3em\"><font size=\"4\" face=\"kanit\">CHE<\/font><\/span><\/a><div class=\"hidden-content\" style=\"display: none;\"><div class=\"exp-col-content-holder\"><a class=\"expand-cnt-link ecf_closed\" href=\"#\"><span style=\"padding-left:4em\"><\/span><\/a><a href=\"https:\/\/electroservice.ro\/wp-content\/uploads\/2020\/04\/Recomandare-VOith-Large-Hydro.pdf\" target=\"_blank\" rel=\"noopener noreferrer\">Voith Hydro<\/a><\/div><div class=\"exp-col-content-holder\"><a class=\"expand-cnt-link ecf_closed\" href=\"#\"><span style=\"padding-left:4em\"><\/span><\/a><a href=\"https:\/\/electroservice.ro\/wp-content\/uploads\/2020\/04\/page-0-scaled.jpg\" target=\"_blank\" rel=\"noopener noreferrer\">Hidroelectrica<\/a><\/div><div class=\"exp-col-content-holder\"><a class=\"expand-cnt-link ecf_closed\" href=\"#\"><span style=\"padding-left:4em\"><\/span><\/a><a href=\"https:\/\/electroservice.ro\/wp-content\/uploads\/2020\/04\/Letter-of-recommendation-Provis-scaled.jpg\" target=\"_blank\" rel=\"noopener noreferrer\">Provis Consulting<\/a><\/div><\/div><\/div><div class=\"exp-col-content-holder\"><a class=\"expand-cnt-link ecf_closed\" href=\"#\"><span style=\"padding-left:3em\"><font size=\"4\" face=\"kanit\">MHC<\/font><\/span><\/a><div class=\"hidden-content\" style=\"display: none;\"><div class=\"exp-col-content-holder\"><a class=\"expand-cnt-link ecf_closed\" href=\"#\"><span style=\"padding-left:5em\"><\/span><\/a><a href=\"https:\/\/electroservice.ro\/wp-content\/uploads\/2020\/04\/Recomandari-Voith-Small-Hydro.pdf\" target=\"_blank\" rel=\"noopener noreferrer\">Voith Hydro<\/a><\/div><div class=\"exp-col-content-holder\"><a class=\"expand-cnt-link ecf_closed\" href=\"#\"><span style=\"padding-left:5em\"><\/span><\/a><a href=\"https:\/\/electroservice.ro\/wp-content\/uploads\/2020\/04\/Recommendation-CINK-Hydro-energy.pdf\" target=\"_blank\" rel=\"noopener noreferrer\">CINK Hydro Energy<\/a><\/div><div class=\"exp-col-content-holder\"><a class=\"expand-cnt-link ecf_closed\" href=\"#\"><span style=\"padding-left:5em\"><\/span><\/a><a href=\"https:\/\/electroservice.ro\/wp-content\/uploads\/2020\/04\/Recommendation-HPP-France-Cugir.pdf\" target=\"_blank\" rel=\"noopener noreferrer\">Hydro Power Plant<\/a><\/div><div class=\"exp-col-content-holder\"><a class=\"expand-cnt-link ecf_closed\" href=\"#\"><span style=\"padding-left:5em\"><\/span><\/a><a href=\"https:\/\/electroservice.ro\/wp-content\/uploads\/2020\/04\/Recomandare-ELSID-ro-eng.pdf\" target=\"_blank\" rel=\"noopener noreferrer\">Elsid<\/a><\/div><div class=\"exp-col-content-holder\"><a class=\"expand-cnt-link ecf_closed\" href=\"#\"><span style=\"padding-left:5em\"><\/span><\/a><a href=\"https:\/\/electroservice.ro\/wp-content\/uploads\/2020\/04\/Rec-RO-ELECTROMAGNETICA.pdf\" target=\"_blank\" rel=\"noopener noreferrer\">Electromagnetica<\/a><\/div><\/div><\/div><\/div><div class=\"exp-col-content-holder\"><a class=\"expand-cnt-link ecf_closed\" href=\"#\"><span style=\"padding-left:2em\"><b><font size=\"5\" face=\"kanit\">Thermoenergetics<\/font><\/b><\/span><\/a><div class=\"hidden-content\" style=\"display: none;\"><div class=\"exp-col-content-holder\"><a class=\"expand-cnt-link ecf_closed\" href=\"#\"><span style=\"padding-left:3em\"><font size=\"4\" face=\"kanit\">Centrale Termoelectrice<\/font><\/span><\/a><div class=\"hidden-content\" style=\"display: none;\"><div class=\"exp-col-content-holder\"><a class=\"expand-cnt-link ecf_closed\" href=\"#\"><span style=\"padding-left:4em\"><font size=\"4\" face=\"kanit\">CET<\/font><\/span><\/a><div class=\"hidden-content\" style=\"display: none;\"><div class=\"exp-col-content-holder\"><a class=\"expand-cnt-link ecf_closed\" href=\"#\"><span style=\"padding-left:5em\"><\/span><\/a><a href=\"https:\/\/electroservice.ro\/wp-content\/uploads\/2020\/04\/RecommendationTPPBrasov-1-2_reduce.pdf\" target=\"_blank\" rel=\"noopener noreferrer\">CET Bra\u0219ov<\/a><\/div><div class=\"exp-col-content-holder\"><a class=\"expand-cnt-link ecf_closed\" href=\"#\"><span style=\"padding-left:5em\"><\/span><\/a><a href=\"https:\/\/electroservice.ro\/wp-content\/uploads\/2020\/04\/RecommendationTPPIasi-1-2_reduce.pdf\" target=\"_blank\" rel=\"noopener noreferrer\">Ia\u0219i<\/a><\/div><div class=\"exp-col-content-holder\"><a class=\"expand-cnt-link ecf_closed\" href=\"#\"><span style=\"padding-left:5em\"><\/span><\/a><a href=\"https:\/\/electroservice.ro\/wp-content\/uploads\/2020\/04\/Recommendation-GENERAL-Turbo-Rovinari.pdf\" target=\"_blank\" rel=\"noopener noreferrer\">General Turbo<\/a><\/div><div class=\"exp-col-content-holder\"><a class=\"expand-cnt-link ecf_closed\" href=\"#\"><span style=\"padding-left:5em\"><\/span><\/a><a href=\"https:\/\/electroservice.ro\/wp-content\/uploads\/2020\/04\/Recomandare-Sudan.pdf\" target=\"_blank\" rel=\"noopener noreferrer\">S_IND Process Control<\/a><\/div><div class=\"exp-col-content-holder\"><a class=\"expand-cnt-link ecf_closed\" href=\"#\"><span style=\"padding-left:5em\"><\/span><\/a><a href=\"https:\/\/electroservice.ro\/wp-content\/uploads\/2020\/04\/RecommendationTPPGiurgiu-1-2_reduce.pdf\" target=\"_blank\" rel=\"noopener noreferrer\">SCUT Giurgiu<\/a><\/div><div class=\"exp-col-content-holder\"><a class=\"expand-cnt-link ecf_closed\" href=\"#\"><span style=\"padding-left:5em\"><\/span><\/a><a href=\"https:\/\/electroservice.ro\/wp-content\/uploads\/2020\/04\/MergingResult.pdf\" target=\"_blank\" rel=\"noopener noreferrer\">Socet<\/a><\/div><div class=\"exp-col-content-holder\"><a class=\"expand-cnt-link ecf_closed\" href=\"#\"><span style=\"padding-left:5em\"><\/span><\/a><a href=\"https:\/\/electroservice.ro\/wp-content\/uploads\/2020\/04\/Pozitia-2-exper-simil-Recommendation-STPG-KNPS-Unit4.pdf\" target=\"_blank\" rel=\"noopener noreferrer\">Sudanese Thermal Power Generating<\/a><\/div><div class=\"exp-col-content-holder\"><a class=\"expand-cnt-link ecf_closed\" href=\"#\"><span style=\"padding-left:5em\"><\/span><\/a><a href=\"https:\/\/electroservice.ro\/wp-content\/uploads\/2020\/04\/termoelectrica4_reduce.pdf\" target=\"_blank\" rel=\"noopener noreferrer\">Termoelectrica<\/a><\/div><div class=\"exp-col-content-holder\"><a class=\"expand-cnt-link ecf_closed\" href=\"#\"><span style=\"padding-left:5em\"><\/span><\/a><a href=\"https:\/\/electroservice.ro\/wp-content\/uploads\/2020\/04\/Recomandare-Turbomarc-150MW-ro.pdf\" target=\"_blank\" rel=\"noopener noreferrer\">Turbomarc<\/a><\/div><div class=\"exp-col-content-holder\"><a class=\"expand-cnt-link ecf_closed\" href=\"#\"><span style=\"padding-left:5em\"><\/span><\/a><a href=\"https:\/\/electroservice.ro\/wp-content\/uploads\/2022\/01\/Scrisoare-de-recomandare-Electro-Service-Ro-En-VEI.pdf\" target=\"_blank\" rel=\"noopener noreferrer\">VEOLIA ENERGIE IA\u0218I<\/a><\/div><\/div><\/div><div class=\"exp-col-content-holder\"><a class=\"expand-cnt-link ecf_closed\" href=\"#\"><span style=\"padding-left:4em\"><font size=\"4\" face=\"kanit\">CCPP<\/font><\/span><\/a><div class=\"hidden-content\" style=\"display: none;\"><div class=\"exp-col-content-holder\"><a class=\"expand-cnt-link ecf_closed\" href=\"#\"><span style=\"padding-left:5em\"><\/span><\/a><a href=\"https:\/\/electroservice.ro\/wp-content\/uploads\/2020\/04\/Recommendation-Alstom-Gissi.pdf\" target=\"_blank\" rel=\"noopener noreferrer\">Alstom<\/a><\/div><div class=\"exp-col-content-holder\"><a class=\"expand-cnt-link ecf_closed\" href=\"#\"><span style=\"padding-left:5em\"><\/span><\/a><a href=\"https:\/\/electroservice.ro\/wp-content\/uploads\/2020\/04\/Recomandare-ROEL-Egypt-Burullus.pdf\" target=\"_blank\" rel=\"noopener noreferrer\">Romelectro<\/a><\/div><\/div><\/div><\/div><\/div><div class=\"exp-col-content-holder\"><a class=\"expand-cnt-link ecf_closed\" href=\"#\"><span style=\"padding-left:3em\"><font size=\"4\" face=\"kanit\">Industria Chimic\u0103<\/font><\/span><\/a><div class=\"hidden-content\" style=\"display: none;\"><div class=\"exp-col-content-holder\"><a class=\"expand-cnt-link ecf_closed\" href=\"#\"><span style=\"padding-left:5em\"><\/span><\/a><a href=\"https:\/\/electroservice.ro\/wp-content\/uploads\/2020\/04\/RecommendationSOFERTChemicalPlant-1-2_reduce.pdf\" target=\"_blank\" rel=\"noopener noreferrer\">Sofert-SA Bac\u0103u<\/a><\/div><\/div><\/div><div class=\"exp-col-content-holder\"><a class=\"expand-cnt-link ecf_closed\" href=\"#\"><span style=\"padding-left:3em\"><font size=\"4\" face=\"kanit\">Industria Metalurgic\u0103<\/font><\/span><\/a><div class=\"hidden-content\" style=\"display: none;\"><div class=\"exp-col-content-holder\"><a class=\"expand-cnt-link ecf_closed\" href=\"#\"><span style=\"padding-left:5em\"><\/span><\/a><a href=\"https:\/\/electroservice.ro\/wp-content\/uploads\/2020\/04\/jpg2pdf.pdf\" target=\"_blank\" rel=\"noopener noreferrer\">Arcelor Mittal<\/a><\/div><\/div><\/div><div class=\"exp-col-content-holder\"><a class=\"expand-cnt-link ecf_closed\" href=\"#\"><span style=\"padding-left:3em\"><font size=\"4\" face=\"kanit\">Ulei \u0219i gaz<\/font><\/span><\/a><div class=\"hidden-content\" style=\"display: none;\"><div class=\"exp-col-content-holder\"><a class=\"expand-cnt-link ecf_closed\" href=\"#\"><span style=\"padding-left:5em\"><\/span><\/a><a href=\"https:\/\/electroservice.ro\/wp-content\/uploads\/2020\/04\/Recommendation-Steaua-Romana-Refinery-1.pdf\" target=\"_blank\" rel=\"noopener noreferrer\">Rafin\u0103ria Steaua Rom\u00e2n\u0103<\/a><\/div><\/div><\/div><\/div><\/div><div class=\"exp-col-content-holder\"><a class=\"expand-cnt-link ecf_closed\" href=\"#\"><span style=\"padding-left:2em\"><b><font size=\"5\" face=\"kanit\">Nuclear Power Plants<\/font><\/b><\/span><\/a><div class=\"hidden-content\" style=\"display: none;\"><div class=\"exp-col-content-holder\"><a class=\"expand-cnt-link ecf_closed\" href=\"#\"><span style=\"padding-left:5em\"><\/span><\/a><a href=\"https:\/\/electroservice.ro\/wp-content\/uploads\/2020\/04\/Scrisoare-de-recomandare-Tugran-scaled.jpg\">Tugran Enerji<\/a><\/div><\/div><\/div><\/div>    <\/div>\n<\/div>\n<\/div>\n\n\t\t\t\t        <\/div>\n\t    <\/div>\n<\/section>","protected":false},"excerpt":{"rendered":"<p>Hidroenergetic\u0103CHEVoith HydroHidroelectricaProvis ConsultingMHCVoith HydroCINK Hydro EnergyHydro Power PlantElsidElectromagneticaTermoenergetic\u0103Centrale TermoelectriceCETCET Bra\u0219ovIa\u0219iGeneral TurboS_IND Process ControlSCUT GiurgiuSocetSudanese Thermal Power GeneratingTermoelectricaTurbomarcVEOLIA ENERGIE IA\u0218ICCPPAlstomRomelectroIndustria Chimic\u0103Sofert-SA Bac\u0103uIndustria Metalurgic\u0103Arcelor MittalUlei \u0219i gazRafin\u0103ria<\/p>","protected":false},"author":1,"featured_media":0,"parent":0,"menu_order":0,"comment_status":"closed","ping_status":"closed","template":"","meta":{"_mi_skip_tracking":false},"_links":{"self":[{"href":"https:\/\/electroservice.ro\/en\/wp-json\/wp\/v2\/pages\/2186"}],"collection":[{"href":"https:\/\/electroservice.ro\/en\/wp-json\/wp\/v2\/pages"}],"about":[{"href":"https:\/\/electroservice.ro\/en\/wp-json\/wp\/v2\/types\/page"}],"author":[{"embeddable":true,"href":"https:\/\/electroservice.ro\/en\/wp-json\/wp\/v2\/users\/1"}],"replies":[{"embeddable":true,"href":"https:\/\/electroservice.ro\/en\/wp-json\/wp\/v2\/comments?post=2186"}],"version-history":[{"count":21,"href":"https:\/\/electroservice.ro\/en\/wp-json\/wp\/v2\/pages\/2186\/revisions"}],"predecessor-version":[{"id":2565,"href":"https:\/\/electroservice.ro\/en\/wp-json\/wp\/v2\/pages\/2186\/revisions\/2565"}],"wp:attachment":[{"href":"https:\/\/electroservice.ro\/en\/wp-json\/wp\/v2\/media?parent=2186"}],"curies":[{"name":"wp","href":"https:\/\/api.w.org\/{rel}","templated":true}]}}